{"id":62,"date":"2023-01-06T17:53:50","date_gmt":"2023-01-06T16:53:50","guid":{"rendered":"https:\/\/www.kopernikusschule.de\/cms\/?page_id=62"},"modified":"2023-05-14T20:33:47","modified_gmt":"2023-05-14T18:33:47","slug":"startseite","status":"publish","type":"page","link":"https:\/\/www.kopernikusschule.de\/cms\/","title":{"rendered":"Startseite"},"content":{"rendered":"\t\t<div data-elementor-type=\"wp-page\" data-elementor-id=\"62\" class=\"elementor elementor-62\" data-elementor-settings=\"{&quot;ha_cmc_init_switcher&quot;:&quot;no&quot;}\">\n\t\t\t\t\t\t<section class=\"elementor-section elementor-top-section elementor-element elementor-element-094e271 elementor-section-boxed elementor-section-height-default elementor-section-height-default wpr-particle-no wpr-jarallax-no wpr-parallax-no wpr-sticky-section-no\" data-id=\"094e271\" data-element_type=\"section\" data-e-type=\"section\" data-settings=\"{&quot;_ha_eqh_enable&quot;:false}\">\n\t\t\t\t\t\t<div class=\"elementor-container elementor-column-gap-default\">\n\t\t\t\t\t<div class=\"elementor-column elementor-col-100 elementor-top-column elementor-element elementor-element-a18a50b\" data-id=\"a18a50b\" data-element_type=\"column\" data-e-type=\"column\">\n\t\t\t<div class=\"elementor-widget-wrap elementor-element-populated\">\n\t\t\t\t\t\t<div class=\"elementor-element elementor-element-08ea31a elementor-widget elementor-widget-heading\" data-id=\"08ea31a\" data-element_type=\"widget\" data-e-type=\"widget\" data-widget_type=\"heading.default\">\n\t\t\t\t<div class=\"elementor-widget-container\">\n\t\t\t\t\t<h1 class=\"elementor-heading-title elementor-size-default\">Willkommen an der Kopernikusschule Lippstadt!<\/h1>\t\t\t\t<\/div>\n\t\t\t\t<\/div>\n\t\t\t\t<div class=\"elementor-element elementor-element-b05956c elementor-widget elementor-widget-image\" data-id=\"b05956c\" data-element_type=\"widget\" data-e-type=\"widget\" data-widget_type=\"image.default\">\n\t\t\t\t<div class=\"elementor-widget-container\">\n\t\t\t\t\t\t\t\t\t\t\t\t\t\t\t<img fetchpriority=\"high\" decoding=\"async\" width=\"500\" height=\"282\" src=\"https:\/\/www.kopernikusschule.de\/cms\/wp-content\/uploads\/2023\/01\/startseite_haupteingang.jpg\" class=\"attachment-large size-large wp-image-27\" alt=\"\" srcset=\"https:\/\/www.kopernikusschule.de\/cms\/wp-content\/uploads\/2023\/01\/startseite_haupteingang.jpg 500w, https:\/\/www.kopernikusschule.de\/cms\/wp-content\/uploads\/2023\/01\/startseite_haupteingang-300x169.jpg 300w\" sizes=\"(max-width: 500px) 100vw, 500px\" \/>\t\t\t\t\t\t\t\t\t\t\t\t\t\t\t<\/div>\n\t\t\t\t<\/div>\n\t\t\t\t\t<\/div>\n\t\t<\/div>\n\t\t\t\t\t<\/div>\n\t\t<\/section>\n\t\t\t\t<section class=\"elementor-section elementor-top-section elementor-element elementor-element-88fd64a elementor-section-boxed elementor-section-height-default elementor-section-height-default wpr-particle-no wpr-jarallax-no wpr-parallax-no wpr-sticky-section-no\" data-id=\"88fd64a\" data-element_type=\"section\" data-e-type=\"section\" data-settings=\"{&quot;_ha_eqh_enable&quot;:false}\">\n\t\t\t\t\t\t<div class=\"elementor-container elementor-column-gap-default\">\n\t\t\t\t\t<div class=\"elementor-column elementor-col-100 elementor-top-column elementor-element elementor-element-ffef592\" data-id=\"ffef592\" data-element_type=\"column\" data-e-type=\"column\">\n\t\t\t<div class=\"elementor-widget-wrap elementor-element-populated\">\n\t\t\t\t\t\t<div class=\"elementor-element elementor-element-98f0b92 elementor-widget elementor-widget-text-editor\" data-id=\"98f0b92\" data-element_type=\"widget\" data-e-type=\"widget\" data-widget_type=\"text-editor.default\">\n\t\t\t\t<div class=\"elementor-widget-container\">\n\t\t\t\t\t\t\t\t\t<p>Liebe Besucherinnen und Besucher,<\/p><p style=\"text-align: left;\">wir begr\u00fc\u00dfen Sie ganz herzlich auf den Internetseiten unserer Schule.<\/p><p style=\"text-align: left;\">Erfahren Sie mehr zu unserem Schulleben, indem Sie durch das obere Auswahlmen\u00fc navigieren.<br \/>Unter &#8222;<a href=\"https:\/\/www.kopernikusschule.de\/cms\/aktuelles-presse\/\"><span style=\"text-decoration: underline;\"><strong>Aktuelles \/ Press<\/strong><strong>e<\/strong><\/span><\/a>&#8220; finden Sie stets aktuelle Informationen zu unserem Schulleben.<\/p>\t\t\t\t\t\t\t\t<\/div>\n\t\t\t\t<\/div>\n\t\t\t\t\t<\/div>\n\t\t<\/div>\n\t\t\t\t\t<\/div>\n\t\t<\/section>\n\t\t\t\t<section class=\"elementor-section elementor-top-section elementor-element elementor-element-e07a070 elementor-section-boxed elementor-section-height-default elementor-section-height-default wpr-particle-no wpr-jarallax-no wpr-parallax-no wpr-sticky-section-no\" data-id=\"e07a070\" data-element_type=\"section\" data-e-type=\"section\" data-settings=\"{&quot;_ha_eqh_enable&quot;:false}\">\n\t\t\t\t\t\t<div class=\"elementor-container elementor-column-gap-default\">\n\t\t\t\t\t<div class=\"elementor-column elementor-col-100 elementor-top-column elementor-element elementor-element-e7bf396\" data-id=\"e7bf396\" data-element_type=\"column\" data-e-type=\"column\">\n\t\t\t<div class=\"elementor-widget-wrap elementor-element-populated\">\n\t\t\t\t\t\t<div class=\"elementor-element elementor-element-ea3e10e elementor-grid-1 elementor-grid-tablet-2 elementor-grid-mobile-1 elementor-widget elementor-widget-elementor-blog-posts\" data-id=\"ea3e10e\" data-element_type=\"widget\" data-e-type=\"widget\" data-settings=\"{&quot;columns&quot;:&quot;1&quot;,&quot;columns_tablet&quot;:&quot;2&quot;,&quot;columns_mobile&quot;:&quot;1&quot;}\" data-widget_type=\"elementor-blog-posts.default\">\n\t\t\t\t<div class=\"elementor-widget-container\">\n\t\t\t\t\t\t\t<div class=\"wpcap-grid\">\n\t\t\t\t\t\t<div class=\"wpcap-grid-container elementor-grid wpcap-grid-desktop-1 wpcap-grid-tablet-2 wpcap-grid-mobile-1 grid-meta-bottom\">\n\n\t\t\t\t\n        <article id=\"post-1232\" class=\"wpcap-post post-1232 post type-post status-publish format-standard hentry category-allgemein entry\">\n         \n            <div class=\"post-grid-inner\">\n            \t\n            \t\n                <div class=\"post-grid-text-wrap\">\n               \t\t\t\t<h2 class=\"title\">\n\t\t\t<a href=\"https:\/\/www.kopernikusschule.de\/cms\/paedagogische-tage-12-13-03-2026-und-20-03-2026\/\">P\u00e4dagogische Tage 12 &#8211; 13.03.2026 und 20.03.2026<\/a>\n\t\t<\/h2>\n\t\t\t                \t\t<div class=\"post-grid-excerpt\">\n\t\t\t<p>Am Donnerstag den 12.03.26 finden die ersten drei Unterrichtsstunden in verk\u00fcrzter Dauer (45 min) statt, danach endet der Unterricht. An den Freitagen 13.03. und 20.03.26 findet kein Unterricht statt.<\/p>\n\t\t<\/div>\n\t\t\t                \t\t<a class=\"read-more-btn\" href=\"https:\/\/www.kopernikusschule.de\/cms\/paedagogische-tage-12-13-03-2026-und-20-03-2026\/\">Bitte HIER klicken um die vollst\u00e4ndige Meldung zu lesen!<\/a>\n\t\t                <\/div>\n\n                \t\t<div class=\"post-grid-meta\">\n\t\t\t\n\t\t\t\t<span class=\"post-author\">Sebastian Rachor<\/span>\n\n\t\t\t\t\n\t\t\t\t<span class=\"post-date\"><time datetime=\"2026-03-05T13:37:32+01:00\">5. M\u00e4rz 2026<\/time><\/span>\n\n\t\t\t\t\t\t<\/div>\n\t\t\n            <\/div><!-- .blog-inner -->\n           \n        <\/article>\n\n        \n        <article id=\"post-1196\" class=\"wpcap-post post-1196 post type-post status-publish format-standard hentry category-allgemein entry\">\n         \n            <div class=\"post-grid-inner\">\n            \t\n            \t\n                <div class=\"post-grid-text-wrap\">\n               \t\t\t\t<h2 class=\"title\">\n\t\t\t<a href=\"https:\/\/www.kopernikusschule.de\/cms\/handynutzungsverbot\/\">Handynutzungsverbot ab 09.02.2026<\/a>\n\t\t<\/h2>\n\t\t\t                \t\t<div class=\"post-grid-excerpt\">\n\t\t\t\t\t<\/div>\n\t\t\t                \t\t<a class=\"read-more-btn\" href=\"https:\/\/www.kopernikusschule.de\/cms\/handynutzungsverbot\/\">Bitte HIER klicken um die vollst\u00e4ndige Meldung zu lesen!<\/a>\n\t\t                <\/div>\n\n                \t\t<div class=\"post-grid-meta\">\n\t\t\t\n\t\t\t\t<span class=\"post-author\">Sebastian Rachor<\/span>\n\n\t\t\t\t\n\t\t\t\t<span class=\"post-date\"><time datetime=\"2026-02-07T10:46:10+01:00\">7. Februar 2026<\/time><\/span>\n\n\t\t\t\t\t\t<\/div>\n\t\t\n            <\/div><!-- .blog-inner -->\n           \n        <\/article>\n\n        \n        <article id=\"post-1190\" class=\"wpcap-post post-1190 post type-post status-publish format-standard hentry category-allgemein entry\">\n         \n            <div class=\"post-grid-inner\">\n            \t\n            \t\n                <div class=\"post-grid-text-wrap\">\n               \t\t\t\t<h2 class=\"title\">\n\t\t\t<a href=\"https:\/\/www.kopernikusschule.de\/cms\/projekt-klimaschule-live-in-die-antarktis\/\">Projekt Klimaschule &#8211; &#8222;Live in die Antarktis<\/a>\n\t\t<\/h2>\n\t\t\t                \t\t<div class=\"post-grid-excerpt\">\n\t\t\t<p>Am 16.01.2026 nahmen Sch\u00fclerinnen un Sch\u00fcler an Projekt &#8222;Live in die Antarktis&#8220;\u00a0 teil. Weitere Information unter dem Men\u00fcpunkt &#8222;Klimaschule&#8220;<\/p>\n\t\t<\/div>\n\t\t\t                \t\t<a class=\"read-more-btn\" href=\"https:\/\/www.kopernikusschule.de\/cms\/projekt-klimaschule-live-in-die-antarktis\/\">Bitte HIER klicken um die vollst\u00e4ndige Meldung zu lesen!<\/a>\n\t\t                <\/div>\n\n                \t\t<div class=\"post-grid-meta\">\n\t\t\t\n\t\t\t\t<span class=\"post-author\">Sebastian Rachor<\/span>\n\n\t\t\t\t\n\t\t\t\t<span class=\"post-date\"><time datetime=\"2026-01-18T10:49:14+01:00\">18. Januar 2026<\/time><\/span>\n\n\t\t\t\t\t\t<\/div>\n\t\t\n            <\/div><!-- .blog-inner -->\n           \n        <\/article>\n\n        \n        <article id=\"post-1162\" class=\"wpcap-post post-1162 post type-post status-publish format-standard hentry category-allgemein entry\">\n         \n            <div class=\"post-grid-inner\">\n            \t\n            \t\n                <div class=\"post-grid-text-wrap\">\n               \t\t\t\t<h2 class=\"title\">\n\t\t\t<a href=\"https:\/\/www.kopernikusschule.de\/cms\/schulanmeldungen-2026-27\/\">Schulanmeldungen 2026\/27<\/a>\n\t\t<\/h2>\n\t\t\t                \t\t<div class=\"post-grid-excerpt\">\n\t\t\t<p>Informationen zur Schulanmeldung 26\/27 Download<\/p>\n\t\t<\/div>\n\t\t\t                \t\t<a class=\"read-more-btn\" href=\"https:\/\/www.kopernikusschule.de\/cms\/schulanmeldungen-2026-27\/\">Bitte HIER klicken um die vollst\u00e4ndige Meldung zu lesen!<\/a>\n\t\t                <\/div>\n\n                \t\t<div class=\"post-grid-meta\">\n\t\t\t\n\t\t\t\t<span class=\"post-author\">Sebastian Rachor<\/span>\n\n\t\t\t\t\n\t\t\t\t<span class=\"post-date\"><time datetime=\"2026-01-18T10:27:13+01:00\">18. Januar 2026<\/time><\/span>\n\n\t\t\t\t\t\t<\/div>\n\t\t\n            <\/div><!-- .blog-inner -->\n           \n        <\/article>\n\n        \n        <article id=\"post-1156\" class=\"wpcap-post post-1156 post type-post status-publish format-standard hentry category-allgemein entry\">\n         \n            <div class=\"post-grid-inner\">\n            \t\n            \t\n                <div class=\"post-grid-text-wrap\">\n               \t\t\t\t<h2 class=\"title\">\n\t\t\t<a href=\"https:\/\/www.kopernikusschule.de\/cms\/schulen-bleiben-in-nrw-am-12-01-2026-geschlossen\/\">Schulen bleiben in NRW am 12.01.2026 geschlossen<\/a>\n\t\t<\/h2>\n\t\t\t                \t\t<div class=\"post-grid-excerpt\">\n\t\t\t<p>Liebe Sch\u00fclerinnen und Sch\u00fcler, sehr geehrte Erziehungsberechtigte, am Montag 12.01.2026 findet auf Anordnung des MSB Distanzunterricht statt. Die Schulen bleiben geschlossen. Die Sch\u00fclerinnen und Sch\u00fcler werden auf Distanz unterrichtet. Dazu werden diese von den Lehrkr\u00e4ften via ISERV kontaktiert, Aufgaben gestellt und es werden auch Videokonferenzen per ISERV durchgef\u00fchrt. Solltet Ihr\/Sie nicht mehr auf euer I-Servkonto zugreifen k\u00f6nnen schreibt bitte eine E-mail an support@kopernikusschule.de oder wendet euch an euren Klassenlehrer, damit dieser euer Passwort neu vergeben kann.<\/p>\n\t\t<\/div>\n\t\t\t                \t\t<a class=\"read-more-btn\" href=\"https:\/\/www.kopernikusschule.de\/cms\/schulen-bleiben-in-nrw-am-12-01-2026-geschlossen\/\">Bitte HIER klicken um die vollst\u00e4ndige Meldung zu lesen!<\/a>\n\t\t                <\/div>\n\n                \t\t<div class=\"post-grid-meta\">\n\t\t\t\n\t\t\t\t<span class=\"post-author\">Sebastian Rachor<\/span>\n\n\t\t\t\t\n\t\t\t\t<span class=\"post-date\"><time datetime=\"2026-01-11T19:07:29+01:00\">11. Januar 2026<\/time><\/span>\n\n\t\t\t\t\t\t<\/div>\n\t\t\n            <\/div><!-- .blog-inner -->\n           \n        <\/article>\n\n        \n        <article id=\"post-1147\" class=\"wpcap-post post-1147 post type-post status-publish format-standard hentry category-allgemein entry\">\n         \n            <div class=\"post-grid-inner\">\n            \t\n            \t\n                <div class=\"post-grid-text-wrap\">\n               \t\t\t\t<h2 class=\"title\">\n\t\t\t<a href=\"https:\/\/www.kopernikusschule.de\/cms\/offizielle-meldung-zum-busverkehr-in-lippstadt\/\">Offizielle Meldung zum Busverkehr in Lippstadt<\/a>\n\t\t<\/h2>\n\t\t\t                \t\t<div class=\"post-grid-excerpt\">\n\t\t\t<p>Aufgrund der aktuellen Wettervorhersagen vom 08.1. &#8211; 9.1.2026 kann es zu Beeintr\u00e4chtigung und Busausf\u00e4llen kommen. Das Betriebsmanagement\u00a0 WB Westfalen Bus GmbH<\/p>\n\t\t<\/div>\n\t\t\t                \t\t<a class=\"read-more-btn\" href=\"https:\/\/www.kopernikusschule.de\/cms\/offizielle-meldung-zum-busverkehr-in-lippstadt\/\">Bitte HIER klicken um die vollst\u00e4ndige Meldung zu lesen!<\/a>\n\t\t                <\/div>\n\n                \t\t<div class=\"post-grid-meta\">\n\t\t\t\n\t\t\t\t<span class=\"post-author\">Sebastian Rachor<\/span>\n\n\t\t\t\t\n\t\t\t\t<span class=\"post-date\"><time datetime=\"2026-01-08T06:11:48+01:00\">8. Januar 2026<\/time><\/span>\n\n\t\t\t\t\t\t<\/div>\n\t\t\n            <\/div><!-- .blog-inner -->\n           \n        <\/article>\n\n        \n        <article id=\"post-1140\" class=\"wpcap-post post-1140 post type-post status-publish format-standard hentry category-allgemein entry\">\n         \n            <div class=\"post-grid-inner\">\n            \t\n            \t\n                <div class=\"post-grid-text-wrap\">\n               \t\t\t\t<h2 class=\"title\">\n\t\t\t<a href=\"https:\/\/www.kopernikusschule.de\/cms\/weihnachtsprojekt-dosen-statt-rosen-kia-e-v\/\">Weihnachtsprojekt &#8222;Dosen statt Rosen&#8220; KiA e.V.<\/a>\n\t\t<\/h2>\n\t\t\t                \t\t<div class=\"post-grid-excerpt\">\n\t\t\t<p>Weihnachtsprojekt &#8222;Dosen statt Rosen&#8220; KiA e.V. 2025 Auch in diesem Jahr beteiligt sich die Kopernikusschule mit der Hilfe von vielen Spenden aus der Sch\u00fcler- und Lehrerschaft am Weihnachtsprojekt &#8222;Dosen statt Rosen&#8220; des KiA e.V.<\/p>\n\t\t<\/div>\n\t\t\t                \t\t<a class=\"read-more-btn\" href=\"https:\/\/www.kopernikusschule.de\/cms\/weihnachtsprojekt-dosen-statt-rosen-kia-e-v\/\">Bitte HIER klicken um die vollst\u00e4ndige Meldung zu lesen!<\/a>\n\t\t                <\/div>\n\n                \t\t<div class=\"post-grid-meta\">\n\t\t\t\n\t\t\t\t<span class=\"post-author\">Sebastian Rachor<\/span>\n\n\t\t\t\t\n\t\t\t\t<span class=\"post-date\"><time datetime=\"2025-12-18T15:28:21+01:00\">18. Dezember 2025<\/time><\/span>\n\n\t\t\t\t\t\t<\/div>\n\t\t\n            <\/div><!-- .blog-inner -->\n           \n        <\/article>\n\n        \n        <article id=\"post-1122\" class=\"wpcap-post post-1122 post type-post status-publish format-standard hentry category-allgemein entry\">\n         \n            <div class=\"post-grid-inner\">\n            \t\n            \t\n                <div class=\"post-grid-text-wrap\">\n               \t\t\t\t<h2 class=\"title\">\n\t\t\t<a href=\"https:\/\/www.kopernikusschule.de\/cms\/schulpraktikum-jg-9-2025-26\/\">Schulpraktikum Jg. 9 2025\/26<\/a>\n\t\t<\/h2>\n\t\t\t                \t\t<div class=\"post-grid-excerpt\">\n\t\t\t\t\t<\/div>\n\t\t\t                \t\t<a class=\"read-more-btn\" href=\"https:\/\/www.kopernikusschule.de\/cms\/schulpraktikum-jg-9-2025-26\/\">Bitte HIER klicken um die vollst\u00e4ndige Meldung zu lesen!<\/a>\n\t\t                <\/div>\n\n                \t\t<div class=\"post-grid-meta\">\n\t\t\t\n\t\t\t\t<span class=\"post-author\">Sebastian Rachor<\/span>\n\n\t\t\t\t\n\t\t\t\t<span class=\"post-date\"><time datetime=\"2025-11-17T17:11:53+01:00\">17. November 2025<\/time><\/span>\n\n\t\t\t\t\t\t<\/div>\n\t\t\n            <\/div><!-- .blog-inner -->\n           \n        <\/article>\n\n        \n        <article id=\"post-1113\" class=\"wpcap-post post-1113 post type-post status-publish format-standard hentry category-allgemein entry\">\n         \n            <div class=\"post-grid-inner\">\n            \t\n            \t\n                <div class=\"post-grid-text-wrap\">\n               \t\t\t\t<h2 class=\"title\">\n\t\t\t<a href=\"https:\/\/www.kopernikusschule.de\/cms\/kopernikusbrief-2025-26\/\">Kopernikusbrief 2025\/26<\/a>\n\t\t<\/h2>\n\t\t\t                \t\t<div class=\"post-grid-excerpt\">\n\t\t\t<p>PDF Title Download<\/p>\n\t\t<\/div>\n\t\t\t                \t\t<a class=\"read-more-btn\" href=\"https:\/\/www.kopernikusschule.de\/cms\/kopernikusbrief-2025-26\/\">Bitte HIER klicken um die vollst\u00e4ndige Meldung zu lesen!<\/a>\n\t\t                <\/div>\n\n                \t\t<div class=\"post-grid-meta\">\n\t\t\t\n\t\t\t\t<span class=\"post-author\">Sebastian Rachor<\/span>\n\n\t\t\t\t\n\t\t\t\t<span class=\"post-date\"><time datetime=\"2025-08-19T12:05:40+02:00\">19. August 2025<\/time><\/span>\n\n\t\t\t\t\t\t<\/div>\n\t\t\n            <\/div><!-- .blog-inner -->\n           \n        <\/article>\n\n        \n        <article id=\"post-1099\" class=\"wpcap-post post-1099 post type-post status-publish format-standard hentry category-allgemein entry\">\n         \n            <div class=\"post-grid-inner\">\n            \t\n            \t\n                <div class=\"post-grid-text-wrap\">\n               \t\t\t\t<h2 class=\"title\">\n\t\t\t<a href=\"https:\/\/www.kopernikusschule.de\/cms\/rlg-streik-am-mittwoch-12-03-2025\/\">RLG-Streik am Mittwoch 12.03.2025<\/a>\n\t\t<\/h2>\n\t\t\t                \t\t<div class=\"post-grid-excerpt\">\n\t\t\t<p>Liebe Sch\u00fcler*innen, \u00a0 am Mittwoch, den 12.03.2025, streiken die Besch\u00e4ftigten der RLG. Dadurch werden zahlreiche Fahrten im Sch\u00fclerverkehr entfallen. \u00a0 Bitte organisiert euch rechtzeitig und weicht auf alternative Fahrm\u00f6glichkeiten aus, damit ihr am Unterricht teilnehmen k\u00f6nnt. \u00a0 Zur Kenntnisnahme h\u00e4nge ich folgende Information seitens der RLG an: \u00a0 Die Gewerkschaft Ver.di hat im Rahmen der aktuellen Tarifverhandlungen im \u00f6ffentlichen Dienst am Mittwoch, 12.03.2025 zu einem ganzt\u00e4gigen Warnstreik aufgerufen. \u00a0 Betroffen ist auch die RLG im Kreis Soest und im Hochsauerlandkreis. Die Busse der RLG sind am 12.03.25 nicht unterwegs. \u00a0 Im Sch\u00fclerverkehr und im \u00fcbrigen Linienverkehr entfallen zahlreiche Fahrten. \u00a0 Herzliche Gr\u00fc\u00dfe \u00a0 C. Seifert Schulleitung<\/p>\n\t\t<\/div>\n\t\t\t                \t\t<a class=\"read-more-btn\" href=\"https:\/\/www.kopernikusschule.de\/cms\/rlg-streik-am-mittwoch-12-03-2025\/\">Bitte HIER klicken um die vollst\u00e4ndige Meldung zu lesen!<\/a>\n\t\t                <\/div>\n\n                \t\t<div class=\"post-grid-meta\">\n\t\t\t\n\t\t\t\t<span class=\"post-author\">Sebastian Rachor<\/span>\n\n\t\t\t\t\n\t\t\t\t<span class=\"post-date\"><time datetime=\"2025-03-10T09:57:38+01:00\">10. M\u00e4rz 2025<\/time><\/span>\n\n\t\t\t\t\t\t<\/div>\n\t\t\n            <\/div><!-- .blog-inner -->\n           \n        <\/article>\n\n        \n\t\t\t<\/div>\n\t\t<\/div>\n\t\t\t\t\t\t<\/div>\n\t\t\t\t<\/div>\n\t\t\t\t\t<\/div>\n\t\t<\/div>\n\t\t\t\t\t<\/div>\n\t\t<\/section>\n\t\t\t\t<\/div>\n\t\t","protected":false},"excerpt":{"rendered":"<p>Willkommen an der Kopernikusschule Lippstadt! Liebe Besucherinnen und Besucher, wir begr\u00fc\u00dfen Sie ganz herzlich auf den Internetseiten unserer Schule. Erfahren Sie mehr zu unserem Schulleben, indem Sie durch das obere&#8230;<\/p>\n","protected":false},"author":1,"featured_media":0,"parent":0,"menu_order":0,"comment_status":"closed","ping_status":"closed","template":"","meta":{"footnotes":""},"class_list":["post-62","page","type-page","status-publish","hentry","entry"],"featured_image_src":null,"_links":{"self":[{"href":"https:\/\/www.kopernikusschule.de\/cms\/wp-json\/wp\/v2\/pages\/62","targetHints":{"allow":["GET"]}}],"collection":[{"href":"https:\/\/www.kopernikusschule.de\/cms\/wp-json\/wp\/v2\/pages"}],"about":[{"href":"https:\/\/www.kopernikusschule.de\/cms\/wp-json\/wp\/v2\/types\/page"}],"author":[{"embeddable":true,"href":"https:\/\/www.kopernikusschule.de\/cms\/wp-json\/wp\/v2\/users\/1"}],"replies":[{"embeddable":true,"href":"https:\/\/www.kopernikusschule.de\/cms\/wp-json\/wp\/v2\/comments?post=62"}],"version-history":[{"count":35,"href":"https:\/\/www.kopernikusschule.de\/cms\/wp-json\/wp\/v2\/pages\/62\/revisions"}],"predecessor-version":[{"id":511,"href":"https:\/\/www.kopernikusschule.de\/cms\/wp-json\/wp\/v2\/pages\/62\/revisions\/511"}],"wp:attachment":[{"href":"https:\/\/www.kopernikusschule.de\/cms\/wp-json\/wp\/v2\/media?parent=62"}],"curies":[{"name":"wp","href":"https:\/\/api.w.org\/{rel}","templated":true}]}}