{"id":203,"date":"2023-01-07T13:38:40","date_gmt":"2023-01-07T12:38:40","guid":{"rendered":"https:\/\/www.kopernikusschule.de\/cms\/?page_id=203"},"modified":"2023-01-09T09:29:26","modified_gmt":"2023-01-09T08:29:26","slug":"ag-gruenzeit","status":"publish","type":"page","link":"https:\/\/www.kopernikusschule.de\/cms\/ag-gruenzeit\/","title":{"rendered":"AG Gr\u00fcnzeit"},"content":{"rendered":"\t\t<div data-elementor-type=\"wp-page\" data-elementor-id=\"203\" class=\"elementor elementor-203\" data-elementor-settings=\"{&quot;ha_cmc_init_switcher&quot;:&quot;no&quot;}\">\n\t\t\t\t\t\t<section class=\"elementor-section elementor-top-section elementor-element elementor-element-2e5e5f1 elementor-section-boxed elementor-section-height-default elementor-section-height-default wpr-particle-no wpr-jarallax-no wpr-parallax-no wpr-sticky-section-no wpr-equal-height-no\" data-id=\"2e5e5f1\" data-element_type=\"section\" data-e-type=\"section\" data-settings=\"{&quot;_ha_eqh_enable&quot;:false}\">\n\t\t\t\t\t\t<div class=\"elementor-container elementor-column-gap-default\">\n\t\t\t\t\t<div class=\"elementor-column elementor-col-100 elementor-top-column elementor-element elementor-element-7ad541c\" data-id=\"7ad541c\" data-element_type=\"column\" data-e-type=\"column\">\n\t\t\t<div class=\"elementor-widget-wrap elementor-element-populated\">\n\t\t\t\t\t\t<div class=\"elementor-element elementor-element-86ecbe0 elementor-widget elementor-widget-image\" data-id=\"86ecbe0\" data-element_type=\"widget\" data-e-type=\"widget\" data-widget_type=\"image.default\">\n\t\t\t\t<div class=\"elementor-widget-container\">\n\t\t\t\t\t\t\t\t\t\t\t\t\t\t\t<img decoding=\"async\" src=\"https:\/\/www.kopernikusschule.de\/images\/logo_AG_gruenzeit.jpg\" title=\"\" alt=\"\" loading=\"lazy\" \/>\t\t\t\t\t\t\t\t\t\t\t\t\t\t\t<\/div>\n\t\t\t\t<\/div>\n\t\t\t\t\t<\/div>\n\t\t<\/div>\n\t\t\t\t\t<\/div>\n\t\t<\/section>\n\t\t\t\t<section class=\"elementor-section elementor-top-section elementor-element elementor-element-7417254 elementor-section-boxed elementor-section-height-default elementor-section-height-default wpr-particle-no wpr-jarallax-no wpr-parallax-no wpr-sticky-section-no wpr-equal-height-no\" data-id=\"7417254\" data-element_type=\"section\" data-e-type=\"section\" data-settings=\"{&quot;_ha_eqh_enable&quot;:false}\">\n\t\t\t\t\t\t<div class=\"elementor-container elementor-column-gap-default\">\n\t\t\t\t\t<div class=\"elementor-column elementor-col-100 elementor-top-column elementor-element elementor-element-ca37780\" data-id=\"ca37780\" data-element_type=\"column\" data-e-type=\"column\">\n\t\t\t<div class=\"elementor-widget-wrap elementor-element-populated\">\n\t\t\t\t\t\t<div class=\"elementor-element elementor-element-0bd0776 elementor-widget elementor-widget-text-editor\" data-id=\"0bd0776\" data-element_type=\"widget\" data-e-type=\"widget\" data-widget_type=\"text-editor.default\">\n\t\t\t\t<div class=\"elementor-widget-container\">\n\t\t\t\t\t\t\t\t\t<p>Immer donnerstags hei\u00dft es in diesem Schuljahr 2020\/21 f\u00fcr die<br \/>Sch\u00fcler*innen der Klasse 6a \u201e<strong>Es ist wieder Gr\u00fcnzeit angesagt!<\/strong>\u201c. Zu Beginn<br \/>des Projektes setzte sich die Lerngruppe intensiv mit der <strong>Bedeutung von<\/strong><br \/><strong>Wildbienen<\/strong> und anderen Insekten f\u00fcr unser \u00d6kosystem auseinander. Schnell<br \/>war allen klar: Wir m\u00fcssen etwas unternehmen, um diesen wichtigen<br \/>Lebewesen zu helfen. Denn ohne ihre wertvolle Best\u00e4ubungsarbeit kann es<br \/>auch uns bald nicht mehr gut gehen.<\/p><p>Gesagt getan krempelten die 18 Sch\u00fcler*innen der Klasse ihre \u00c4rmel hoch und begaben sich<br \/>auf den Weg ins \u201e<strong>Gr\u00fcne Klassenzimmer<\/strong>\u201c der Schule. Hier gab es viel zu tun: Tische und Sitzhocker<br \/>wurden ges\u00e4ubert, die Wege gefegt, die Hecke wieder in Form geschnitten und schlie\u00dflich widmeten<br \/>sich alle dem hinteren Teil der \u201egr\u00fcnen Oase\u201c. Wo erst nur Wiese war, soll es ganz<br \/>bald bl\u00fchen und brummen \u2013 so die Idee. Bereits nach wenigen Wochen war viel Grasnarbe entfernt und<br \/><strong>zwei sch\u00f6ne Staudenbeete<\/strong>, ein Bl\u00fchstreifen ist noch in Arbeit, angelegt. Bei den Stauden handelt es<br \/>sich um \u201ebienenfreundliche\u201c Pflanzen, das sind Nahrungsquellen mit viel Nektar f\u00fcr die<br \/>Wildbienen. Im kommenden Fr\u00fchjahr wird ein <strong>Beobachtungs-Nistkasten f\u00fcr Wildbienen<\/strong><br \/>aufgestellt. Die Ausweitung des Projektes durch Kooperation verschiedener Jahrgangsstufen<br \/>erm\u00f6glicht eine weitere Gestaltung des &#8222;Gr\u00fcnen Klassenzimmers&#8220;, zum Beispiel<br \/>durch das Anlegen von Hochbeeten und die kontinuierliche Pflege durch unsere Sch\u00fclerinnen<br \/>und Sch\u00fcler. Unsere &#8222;AG Gr\u00fcnzeit&#8220; und die Neugestaltung des &#8222;Gr\u00fcnen Klassenzimmers&#8220; sind<br \/>nur m\u00f6glich durch die finanzielle Unterst\u00fctzung der<strong> Stadt Lippstadt<\/strong> (in<br \/>Zusammenarbeit mit dem Klimab\u00fcndnis der Stadt), der <strong>Dr. Arnold-Hueck-Stiftung<\/strong> und der<br \/>Sachspenden des <strong>Gr\u00fcnfl\u00e4chenamtes Lippstadt<\/strong> sowie der<br \/><strong>Baumschule J\u00fcrgenhake<\/strong>. Ein Dankesch\u00f6n an alle Unterst\u00fctzer.<\/p><p>Dank der Spende einer Privatperson konnten sich die Sch\u00fcler*innen auch um<br \/>das Wohlergehen der Wildv\u00f6gel k\u00fcmmern, die in der Stadt immer weniger<br \/>Nistraum finden k\u00f6nnen. Ein <strong>Nistkasten<\/strong> wurde angebracht und aktuell<br \/>werden <strong>Futterstellen f\u00fcr Wildv\u00f6gel<\/strong> gebaut.<\/p><p>Es war nicht immer leicht f\u00fcr die Sch\u00fcler*innen, im Garten zu arbeiten, H\u00e4nde<br \/>und Schuhe dreckig zu machen, sich zu \u00fcberwinden, einen Regenwurm<br \/>anzufassen, bei sinkenden Temperaturen trotzdem raus zu gehen \u2013 Aber das<br \/>Ergebnis l\u00e4sst sich sehen und die Sch\u00fcler*innen sind doppelt stolz auf ihre<br \/>geleistete Arbeit und den Lernzuwachs in Sachen Gartenpflege.<\/p><p><span style=\"text-decoration: underline;\"><strong>Hier findet ihr einige Eindr\u00fccke aus unserer AG:<\/strong><\/span><br \/>Alle Fotos wurden von den Sch\u00fclerinnen und Sch\u00fclern erstellt. Diese Fotos d\u00fcrfen <span style=\"color: #ff0000;\">NICHT<\/span>\u00a0in sozialen Medien (WhatsApp \/ Facebook \/ Instagram \/ &#8230;) gepostet oder verlinkt werden!<\/p>\t\t\t\t\t\t\t\t<\/div>\n\t\t\t\t<\/div>\n\t\t\t\t\t<\/div>\n\t\t<\/div>\n\t\t\t\t\t<\/div>\n\t\t<\/section>\n\t\t\t\t<section class=\"elementor-section elementor-top-section elementor-element elementor-element-7c35af0 elementor-section-boxed elementor-section-height-default elementor-section-height-default wpr-particle-no wpr-jarallax-no wpr-parallax-no wpr-sticky-section-no wpr-equal-height-no\" data-id=\"7c35af0\" data-element_type=\"section\" data-e-type=\"section\" data-settings=\"{&quot;_ha_eqh_enable&quot;:false}\">\n\t\t\t\t\t\t<div class=\"elementor-container elementor-column-gap-default\">\n\t\t\t\t\t<div class=\"elementor-column elementor-col-100 elementor-top-column elementor-element elementor-element-707a32c\" data-id=\"707a32c\" data-element_type=\"column\" data-e-type=\"column\">\n\t\t\t<div class=\"elementor-widget-wrap elementor-element-populated\">\n\t\t\t\t\t\t<div class=\"elementor-element elementor-element-9b1a33c elementor-widget elementor-widget-image\" data-id=\"9b1a33c\" data-element_type=\"widget\" data-e-type=\"widget\" data-widget_type=\"image.default\">\n\t\t\t\t<div class=\"elementor-widget-container\">\n\t\t\t\t\t\t\t\t\t\t\t\t\t\t\t<img decoding=\"async\" src=\"https:\/\/www.kopernikusschule.de\/images\/AGGruenzeit_Fotocollage1.jpg\" title=\"\" alt=\"\" loading=\"lazy\" \/>\t\t\t\t\t\t\t\t\t\t\t\t\t\t\t<\/div>\n\t\t\t\t<\/div>\n\t\t\t\t\t<\/div>\n\t\t<\/div>\n\t\t\t\t\t<\/div>\n\t\t<\/section>\n\t\t\t\t<section class=\"elementor-section elementor-top-section elementor-element elementor-element-8fde5df elementor-section-boxed elementor-section-height-default elementor-section-height-default wpr-particle-no wpr-jarallax-no wpr-parallax-no wpr-sticky-section-no wpr-equal-height-no\" data-id=\"8fde5df\" data-element_type=\"section\" data-e-type=\"section\" data-settings=\"{&quot;_ha_eqh_enable&quot;:false}\">\n\t\t\t\t\t\t<div class=\"elementor-container elementor-column-gap-default\">\n\t\t\t\t\t<div class=\"elementor-column elementor-col-100 elementor-top-column elementor-element elementor-element-2525190\" data-id=\"2525190\" data-element_type=\"column\" data-e-type=\"column\">\n\t\t\t<div class=\"elementor-widget-wrap elementor-element-populated\">\n\t\t\t\t\t\t<div class=\"elementor-element elementor-element-06ede3f elementor-widget elementor-widget-image\" data-id=\"06ede3f\" data-element_type=\"widget\" data-e-type=\"widget\" data-widget_type=\"image.default\">\n\t\t\t\t<div class=\"elementor-widget-container\">\n\t\t\t\t\t\t\t\t\t\t\t\t\t\t\t<img decoding=\"async\" src=\"https:\/\/www.kopernikusschule.de\/images\/AGGruenzeit_Fotocollage2.jpg\" title=\"\" alt=\"\" loading=\"lazy\" \/>\t\t\t\t\t\t\t\t\t\t\t\t\t\t\t<\/div>\n\t\t\t\t<\/div>\n\t\t\t\t\t<\/div>\n\t\t<\/div>\n\t\t\t\t\t<\/div>\n\t\t<\/section>\n\t\t\t\t<section class=\"elementor-section elementor-top-section elementor-element elementor-element-340be28 elementor-section-boxed elementor-section-height-default elementor-section-height-default wpr-particle-no wpr-jarallax-no wpr-parallax-no wpr-sticky-section-no wpr-equal-height-no\" data-id=\"340be28\" data-element_type=\"section\" data-e-type=\"section\" data-settings=\"{&quot;_ha_eqh_enable&quot;:false}\">\n\t\t\t\t\t\t<div class=\"elementor-container elementor-column-gap-default\">\n\t\t\t\t\t<div class=\"elementor-column elementor-col-100 elementor-top-column elementor-element elementor-element-0a10763\" data-id=\"0a10763\" data-element_type=\"column\" data-e-type=\"column\">\n\t\t\t<div class=\"elementor-widget-wrap elementor-element-populated\">\n\t\t\t\t\t\t<div class=\"elementor-element elementor-element-0f1d934 elementor-widget elementor-widget-image\" data-id=\"0f1d934\" data-element_type=\"widget\" data-e-type=\"widget\" data-widget_type=\"image.default\">\n\t\t\t\t<div class=\"elementor-widget-container\">\n\t\t\t\t\t\t\t\t\t\t\t\t\t\t\t<img decoding=\"async\" src=\"https:\/\/www.kopernikusschule.de\/images\/AGGruenzeit_Fotocollage3.jpg\" title=\"\" alt=\"\" loading=\"lazy\" \/>\t\t\t\t\t\t\t\t\t\t\t\t\t\t\t<\/div>\n\t\t\t\t<\/div>\n\t\t\t\t\t<\/div>\n\t\t<\/div>\n\t\t\t\t\t<\/div>\n\t\t<\/section>\n\t\t\t\t<section class=\"elementor-section elementor-top-section elementor-element elementor-element-f1fe3c4 elementor-section-boxed elementor-section-height-default elementor-section-height-default wpr-particle-no wpr-jarallax-no wpr-parallax-no wpr-sticky-section-no wpr-equal-height-no\" data-id=\"f1fe3c4\" data-element_type=\"section\" data-e-type=\"section\" data-settings=\"{&quot;_ha_eqh_enable&quot;:false}\">\n\t\t\t\t\t\t<div class=\"elementor-container elementor-column-gap-default\">\n\t\t\t\t\t<div class=\"elementor-column elementor-col-100 elementor-top-column elementor-element elementor-element-e86c587\" data-id=\"e86c587\" data-element_type=\"column\" data-e-type=\"column\">\n\t\t\t<div class=\"elementor-widget-wrap elementor-element-populated\">\n\t\t\t\t\t\t<div class=\"elementor-element elementor-element-f578343 elementor-widget elementor-widget-image\" data-id=\"f578343\" data-element_type=\"widget\" data-e-type=\"widget\" data-widget_type=\"image.default\">\n\t\t\t\t<div class=\"elementor-widget-container\">\n\t\t\t\t\t\t\t\t\t\t\t\t\t\t\t<img decoding=\"async\" src=\"https:\/\/www.kopernikusschule.de\/images\/AGGruenzeit_Fotocollage4.jpg\" title=\"\" alt=\"\" loading=\"lazy\" \/>\t\t\t\t\t\t\t\t\t\t\t\t\t\t\t<\/div>\n\t\t\t\t<\/div>\n\t\t\t\t\t<\/div>\n\t\t<\/div>\n\t\t\t\t\t<\/div>\n\t\t<\/section>\n\t\t\t\t<section class=\"elementor-section elementor-top-section elementor-element elementor-element-f58b9b4 elementor-section-boxed elementor-section-height-default elementor-section-height-default wpr-particle-no wpr-jarallax-no wpr-parallax-no wpr-sticky-section-no wpr-equal-height-no\" data-id=\"f58b9b4\" data-element_type=\"section\" data-e-type=\"section\" data-settings=\"{&quot;_ha_eqh_enable&quot;:false}\">\n\t\t\t\t\t\t<div class=\"elementor-container elementor-column-gap-default\">\n\t\t\t\t\t<div class=\"elementor-column elementor-col-100 elementor-top-column elementor-element elementor-element-d57a31b\" data-id=\"d57a31b\" data-element_type=\"column\" data-e-type=\"column\">\n\t\t\t<div class=\"elementor-widget-wrap elementor-element-populated\">\n\t\t\t\t\t\t<div class=\"elementor-element elementor-element-1163fba elementor-widget elementor-widget-image\" data-id=\"1163fba\" data-element_type=\"widget\" data-e-type=\"widget\" data-widget_type=\"image.default\">\n\t\t\t\t<div class=\"elementor-widget-container\">\n\t\t\t\t\t\t\t\t\t\t\t\t\t\t\t<img decoding=\"async\" src=\"https:\/\/www.kopernikusschule.de\/images\/AGGruenzeit_Fotocollage5.jpg\" title=\"\" alt=\"\" loading=\"lazy\" \/>\t\t\t\t\t\t\t\t\t\t\t\t\t\t\t<\/div>\n\t\t\t\t<\/div>\n\t\t\t\t\t<\/div>\n\t\t<\/div>\n\t\t\t\t\t<\/div>\n\t\t<\/section>\n\t\t\t\t<\/div>\n\t\t","protected":false},"excerpt":{"rendered":"<p>Immer donnerstags hei\u00dft es in diesem Schuljahr 2020\/21 f\u00fcr dieSch\u00fcler*innen der Klasse 6a \u201eEs ist wieder Gr\u00fcnzeit angesagt!\u201c. Zu Beginndes Projektes setzte sich die Lerngruppe intensiv mit der Bedeutung vonWildbienen&#8230;<\/p>\n","protected":false},"author":1,"featured_media":0,"parent":0,"menu_order":0,"comment_status":"closed","ping_status":"closed","template":"","meta":{"footnotes":""},"class_list":["post-203","page","type-page","status-publish","hentry","entry"],"featured_image_src":null,"_links":{"self":[{"href":"https:\/\/www.kopernikusschule.de\/cms\/wp-json\/wp\/v2\/pages\/203","targetHints":{"allow":["GET"]}}],"collection":[{"href":"https:\/\/www.kopernikusschule.de\/cms\/wp-json\/wp\/v2\/pages"}],"about":[{"href":"https:\/\/www.kopernikusschule.de\/cms\/wp-json\/wp\/v2\/types\/page"}],"author":[{"embeddable":true,"href":"https:\/\/www.kopernikusschule.de\/cms\/wp-json\/wp\/v2\/users\/1"}],"replies":[{"embeddable":true,"href":"https:\/\/www.kopernikusschule.de\/cms\/wp-json\/wp\/v2\/comments?post=203"}],"version-history":[{"count":4,"href":"https:\/\/www.kopernikusschule.de\/cms\/wp-json\/wp\/v2\/pages\/203\/revisions"}],"predecessor-version":[{"id":313,"href":"https:\/\/www.kopernikusschule.de\/cms\/wp-json\/wp\/v2\/pages\/203\/revisions\/313"}],"wp:attachment":[{"href":"https:\/\/www.kopernikusschule.de\/cms\/wp-json\/wp\/v2\/media?parent=203"}],"curies":[{"name":"wp","href":"https:\/\/api.w.org\/{rel}","templated":true}]}}