{"id":191,"date":"2023-01-07T13:36:02","date_gmt":"2023-01-07T12:36:02","guid":{"rendered":"https:\/\/www.kopernikusschule.de\/cms\/?page_id=191"},"modified":"2023-01-09T12:03:13","modified_gmt":"2023-01-09T11:03:13","slug":"betrieb-und-schule-bus","status":"publish","type":"page","link":"https:\/\/www.kopernikusschule.de\/cms\/betrieb-und-schule-bus\/","title":{"rendered":"Betrieb und Schule (BuS)"},"content":{"rendered":"\t\t<div data-elementor-type=\"wp-page\" data-elementor-id=\"191\" class=\"elementor elementor-191\" data-elementor-settings=\"{&quot;ha_cmc_init_switcher&quot;:&quot;no&quot;}\">\n\t\t\t\t\t\t<section class=\"elementor-section elementor-top-section elementor-element elementor-element-5bd6234 elementor-section-boxed elementor-section-height-default elementor-section-height-default wpr-particle-no wpr-jarallax-no wpr-parallax-no wpr-sticky-section-no wpr-equal-height-no\" data-id=\"5bd6234\" data-element_type=\"section\" data-e-type=\"section\" data-settings=\"{&quot;_ha_eqh_enable&quot;:false}\">\n\t\t\t\t\t\t<div class=\"elementor-container elementor-column-gap-default\">\n\t\t\t\t\t<div class=\"elementor-column elementor-col-100 elementor-top-column elementor-element elementor-element-8ba93bf\" data-id=\"8ba93bf\" data-element_type=\"column\" data-e-type=\"column\">\n\t\t\t<div class=\"elementor-widget-wrap elementor-element-populated\">\n\t\t\t\t\t\t<div class=\"elementor-element elementor-element-35db339 elementor-widget elementor-widget-text-editor\" data-id=\"35db339\" data-element_type=\"widget\" data-e-type=\"widget\" data-widget_type=\"text-editor.default\">\n\t\t\t\t<div class=\"elementor-widget-container\">\n\t\t\t\t\t\t\t\t\t<p>Langzeitpraktikum in Zusammenarbeit mit Betrieb und Schule im Landesprogramm<br \/>&#8222;<strong>Kein Abschluss ohne Anschluss<\/strong> (KAoA)&#8220;<\/p><p><span style=\"text-decoration: underline;\"><strong>Allgemeine Informationen<\/strong><\/span><\/p><p>Seit vielen Jahren nimmt unsere Schule erfolgreich an dem Projekt &#8222;Betrieb und Schule&#8220; im Landesprogramm &#8222;Kein Abschluss ohne Anschluss&#8220; teil.<\/p><p>Dieses Langzeitpraktikum richtet sich an Sch\u00fclerinnen und Sch\u00fcler im letzten Schulbesuchsjahr (mindestens in Klasse 8), die vorallem aufgrund ihres Leistungsstandes akut abschlussgef\u00e4hrdet sind und daher keine realistische Chance haben, direkt im Anschluss an den Schulabgang in eine Berufsausbildung einzum\u00fcnden.<\/p><p>Langzeitpraktika k\u00f6nnen diesen Sch\u00fclerinnen und Sch\u00fclern durch ihre Praxisn\u00e4he, den betrieblichen Kontext und die schulische Arbeit jedoch wieder in Richtung Ausbildung, Arbeit und Schulabschluss motivieren, um ihnen einen erfolgreichen \u00dcbergang in die Arbeitswelt im Anschluss an das letzte Pflichtschuljahr zu erm\u00f6glichen.<\/p><p><span style=\"text-decoration: underline;\"><strong>Daraus ergeben sich folgende Teilziele bzw. zentrale Inhalte des Projektes:<\/strong><\/span><\/p><ul><li>Erlernen wesentlicher Grundkompetenzen zum Einstieg in einen Beruf und zum Verbleib in der Arbeitswelt<\/li><li>Erkennen des Zusammenhangs zwischen beruflichen und schulischen Anforderungen<\/li><li>fundierte und realistische Berufsorientierung<\/li><li>Auswahl und Erhalten eines Ausbildungs- und Arbeitsplatzes<\/li><li>pers\u00f6nliche und soziale Stabilisierung<\/li><\/ul><p>Unterst\u00fctzt wird die schulische Arbeit durch die Schulsozialarbeiterinnen unserer Schule und durch externe Partner.<\/p><p>Die Organisation des Praktikums sieht vor, dass die in Frage kommenden Sch\u00fclerinnen und Sch\u00fcler an drei Wochentagen in der Schule unterrichtet werden (nach einem eigens f\u00fcr dieses Projekt entwickelten Lehrplan) und zwei Tage in einem Praktikumsbetrieb verbringen.<\/p><p>Daf\u00fcr sollen Betriebe gewonnen werden, die die Sch\u00fclerinnen und Sch\u00fcler bei Bew\u00e4hrung im Praktikum in ein Ausbildungsverh\u00e4ltnis \u00fcbernehmen.<\/p><p>Entscheidend f\u00fcr den Erfolg des gesamten Vorhabens ist es, Betriebe zu finden, die den Jugendlichen das Jahrespraktikum erm\u00f6glichen und die bereit sind, sie im Anschluss daran in die Ausbildung zu \u00fcbernehmen. Es ist klar, dass die Durchf\u00fchrung eines ganzj\u00e4hrigen Praktikums f\u00fcr den einzelnen Praktikumsbetrieb einen erh\u00f6hten Aufwand bedeutet. Die Praktikanten erfordern, \u00e4hnlich wie in der Schule, i.d.R. ein hohes Ma\u00df an pers\u00f6nlicher Zuwendung, Geduld und p\u00e4dagogischem Geschick.<\/p><p>Aus diesem Grunde ist eine enge Zusammenarbeit von Betrieb und Schule unabdingbar, Die Auswahl des jeweiligen Praktikumsbetriebes ist zun\u00e4chst Aufgabe der\/des Jugendlichend bzw. seiner Erziehungsberechtigten. Bei Schwierigkeiten, einen geeigneten Betrieb zu finden, werden Schule und\/oder Berufsberatung helfend eingreifen. Besonders geeignet sind kleinere Betriebe mit eher famili\u00e4ren Strukturen im Bereich des Handwerks oder Handels. Beachtet werden muss unbedingt, dass die Betriebe \u00fcber die Bef\u00e4higung zur Ausbildung verf\u00fcgen.<\/p><p>Mit den Jugendlichen und Erziehungsberechtigten wird die Aufnahme in das Langzeitpraktikum in einer Vereinbarung mit Rechten und Pflichten auch f\u00f6rmlich vereinbart werden.<\/p><p>Da die Sch\u00fclerinnen und Sch\u00fcler, die auf diesem Wege in eine Ausbildung kommen, bei erfolgreichem Bestehen der Abschlusspr\u00fcfung ohnehin den Hauptschulabschluss erwerben, richtet sich die schulische Arbeit mit diesen Jugendlichen nicht vorrangig am Ziel des Hauptschulabschlusses aus. Vielmehr werden schulische Defizite individuell aufgearbeitet und die Sch\u00fclerinnen und Sch\u00fcler werden auf die sp\u00e4tere Zeit an einem Berufskolleg vorbereitet. Bei entsprechenden Leistungen, guter Mitarbeit und Zuverl\u00e4ssigkeit in der Schule und im Betrieb kann dann auch der Hauptschulabschluss nach Klasse 9 erworben werden.<\/p><p>Der Krankenversicherungsschutz des Praktikanten ist privat geregelt (z.B. als Familienmitglied \u00fcber die Krankenversicherung der Eltern). Der Haftpflicht- und Unfallversicherungsschutz wird durch die Stadt Lippstadt als Schultr\u00e4ger gew\u00e4hrt.<\/p><p>\u00a0<\/p><p>F\u00fcr weitere Informationen stehen Ihnen Frau Seifert (Schulleiterin) und Herr Pieper (Klassenlehrer der BUS-Klasse im Schuljahr 2018\/19) gerne zur Verf\u00fcgung.<\/p>\t\t\t\t\t\t\t\t<\/div>\n\t\t\t\t<\/div>\n\t\t\t\t\t<\/div>\n\t\t<\/div>\n\t\t\t\t\t<\/div>\n\t\t<\/section>\n\t\t\t\t<section class=\"elementor-section elementor-top-section elementor-element elementor-element-ccd3cb3 elementor-section-boxed elementor-section-height-default elementor-section-height-default wpr-particle-no wpr-jarallax-no wpr-parallax-no wpr-sticky-section-no wpr-equal-height-no\" data-id=\"ccd3cb3\" data-element_type=\"section\" data-e-type=\"section\" data-settings=\"{&quot;_ha_eqh_enable&quot;:false}\">\n\t\t\t\t\t\t<div class=\"elementor-container elementor-column-gap-default\">\n\t\t\t\t\t<div class=\"elementor-column elementor-col-100 elementor-top-column elementor-element elementor-element-6a165bc\" data-id=\"6a165bc\" data-element_type=\"column\" data-e-type=\"column\">\n\t\t\t<div class=\"elementor-widget-wrap elementor-element-populated\">\n\t\t\t\t\t\t<div class=\"elementor-element elementor-element-154677e elementor-widget elementor-widget-image\" data-id=\"154677e\" data-element_type=\"widget\" data-e-type=\"widget\" data-widget_type=\"image.default\">\n\t\t\t\t<div class=\"elementor-widget-container\">\n\t\t\t\t\t\t\t\t\t\t\t\t\t\t\t<img decoding=\"async\" src=\"https:\/\/www.kopernikusschule.de\/images\/abbilung_busprojekt.jpg\" title=\"\" alt=\"\" loading=\"lazy\" \/>\t\t\t\t\t\t\t\t\t\t\t\t\t\t\t<\/div>\n\t\t\t\t<\/div>\n\t\t\t\t\t<\/div>\n\t\t<\/div>\n\t\t\t\t\t<\/div>\n\t\t<\/section>\n\t\t\t\t<section class=\"elementor-section elementor-top-section elementor-element elementor-element-ab94f9a elementor-section-boxed elementor-section-height-default elementor-section-height-default wpr-particle-no wpr-jarallax-no wpr-parallax-no wpr-sticky-section-no wpr-equal-height-no\" data-id=\"ab94f9a\" data-element_type=\"section\" data-e-type=\"section\" data-settings=\"{&quot;_ha_eqh_enable&quot;:false}\">\n\t\t\t\t\t\t<div class=\"elementor-container elementor-column-gap-default\">\n\t\t\t\t\t<div class=\"elementor-column elementor-col-100 elementor-top-column elementor-element elementor-element-cd6c1de\" data-id=\"cd6c1de\" data-element_type=\"column\" data-e-type=\"column\">\n\t\t\t<div class=\"elementor-widget-wrap elementor-element-populated\">\n\t\t\t\t\t\t<div class=\"elementor-element elementor-element-0fc884c elementor-widget-divider--view-line elementor-widget elementor-widget-divider\" data-id=\"0fc884c\" data-element_type=\"widget\" data-e-type=\"widget\" data-widget_type=\"divider.default\">\n\t\t\t\t<div class=\"elementor-widget-container\">\n\t\t\t\t\t\t\t<div class=\"elementor-divider\">\n\t\t\t<span class=\"elementor-divider-separator\">\n\t\t\t\t\t\t<\/span>\n\t\t<\/div>\n\t\t\t\t\t\t<\/div>\n\t\t\t\t<\/div>\n\t\t\t\t\t<\/div>\n\t\t<\/div>\n\t\t\t\t\t<\/div>\n\t\t<\/section>\n\t\t\t\t<section class=\"elementor-section elementor-top-section elementor-element elementor-element-925e517 elementor-section-boxed elementor-section-height-default elementor-section-height-default wpr-particle-no wpr-jarallax-no wpr-parallax-no wpr-sticky-section-no wpr-equal-height-no\" data-id=\"925e517\" data-element_type=\"section\" data-e-type=\"section\" data-settings=\"{&quot;_ha_eqh_enable&quot;:false}\">\n\t\t\t\t\t\t<div class=\"elementor-container elementor-column-gap-default\">\n\t\t\t\t\t<div class=\"elementor-column elementor-col-100 elementor-top-column elementor-element elementor-element-bfacfdf\" data-id=\"bfacfdf\" data-element_type=\"column\" data-e-type=\"column\">\n\t\t\t<div class=\"elementor-widget-wrap elementor-element-populated\">\n\t\t\t\t\t\t<div class=\"elementor-element elementor-element-2e89e33 elementor-widget elementor-widget-heading\" data-id=\"2e89e33\" data-element_type=\"widget\" data-e-type=\"widget\" data-widget_type=\"heading.default\">\n\t\t\t\t<div class=\"elementor-widget-container\">\n\t\t\t\t\t<h2 class=\"elementor-heading-title elementor-size-default\">Downloads<\/h2>\t\t\t\t<\/div>\n\t\t\t\t<\/div>\n\t\t\t\t\t<\/div>\n\t\t<\/div>\n\t\t\t\t\t<\/div>\n\t\t<\/section>\n\t\t\t\t<section class=\"elementor-section elementor-top-section elementor-element elementor-element-cc978f0 elementor-section-boxed elementor-section-height-default elementor-section-height-default wpr-particle-no wpr-jarallax-no wpr-parallax-no wpr-sticky-section-no wpr-equal-height-no\" data-id=\"cc978f0\" data-element_type=\"section\" data-e-type=\"section\" data-settings=\"{&quot;_ha_eqh_enable&quot;:false}\">\n\t\t\t\t\t\t<div class=\"elementor-container elementor-column-gap-default\">\n\t\t\t\t\t<div class=\"elementor-column elementor-col-100 elementor-top-column elementor-element elementor-element-936e343\" data-id=\"936e343\" data-element_type=\"column\" data-e-type=\"column\">\n\t\t\t<div class=\"elementor-widget-wrap elementor-element-populated\">\n\t\t\t\t\t\t<div class=\"elementor-element elementor-element-51ef019 elementor-widget elementor-widget-text-editor\" data-id=\"51ef019\" data-element_type=\"widget\" data-e-type=\"widget\" data-widget_type=\"text-editor.default\">\n\t\t\t\t<div class=\"elementor-widget-container\">\n\t\t\t\t\t\t\t\t\t<p>Hier finden Sie alle aktuellen Informationen und Formulare als PDF zum Download:<\/p>\t\t\t\t\t\t\t\t<\/div>\n\t\t\t\t<\/div>\n\t\t\t\t\t<\/div>\n\t\t<\/div>\n\t\t\t\t\t<\/div>\n\t\t<\/section>\n\t\t\t\t<section class=\"elementor-section elementor-top-section elementor-element elementor-element-b337580 elementor-section-boxed elementor-section-height-default elementor-section-height-default wpr-particle-no wpr-jarallax-no wpr-parallax-no wpr-sticky-section-no wpr-equal-height-no\" data-id=\"b337580\" data-element_type=\"section\" data-e-type=\"section\" data-settings=\"{&quot;_ha_eqh_enable&quot;:false}\">\n\t\t\t\t\t\t<div class=\"elementor-container elementor-column-gap-default\">\n\t\t\t\t\t<div class=\"elementor-column elementor-col-100 elementor-top-column elementor-element elementor-element-1a40141\" data-id=\"1a40141\" data-element_type=\"column\" data-e-type=\"column\">\n\t\t\t<div class=\"elementor-widget-wrap elementor-element-populated\">\n\t\t\t\t\t\t<div class=\"elementor-element elementor-element-60978a1 elementor-widget elementor-widget-button\" data-id=\"60978a1\" data-element_type=\"widget\" data-e-type=\"widget\" data-widget_type=\"button.default\">\n\t\t\t\t<div class=\"elementor-widget-container\">\n\t\t\t\t\t\t\t\t\t<div class=\"elementor-button-wrapper\">\n\t\t\t\t\t<a class=\"elementor-button elementor-button-link elementor-size-sm\" href=\"https:\/\/www.kopernikusschule.de\/downloads\/neu_businfoflyer.pdf\" target=\"_blank\">\n\t\t\t\t\t\t<span class=\"elementor-button-content-wrapper\">\n\t\t\t\t\t\t\t\t\t<span class=\"elementor-button-text\">Flyer<\/span>\n\t\t\t\t\t<\/span>\n\t\t\t\t\t<\/a>\n\t\t\t\t<\/div>\n\t\t\t\t\t\t\t\t<\/div>\n\t\t\t\t<\/div>\n\t\t\t\t\t<\/div>\n\t\t<\/div>\n\t\t\t\t\t<\/div>\n\t\t<\/section>\n\t\t\t\t<section class=\"elementor-section elementor-top-section elementor-element elementor-element-393298a elementor-section-boxed elementor-section-height-default elementor-section-height-default wpr-particle-no wpr-jarallax-no wpr-parallax-no wpr-sticky-section-no wpr-equal-height-no\" data-id=\"393298a\" data-element_type=\"section\" data-e-type=\"section\" data-settings=\"{&quot;_ha_eqh_enable&quot;:false}\">\n\t\t\t\t\t\t<div class=\"elementor-container elementor-column-gap-default\">\n\t\t\t\t\t<div class=\"elementor-column elementor-col-100 elementor-top-column elementor-element elementor-element-a8122d3\" data-id=\"a8122d3\" data-element_type=\"column\" data-e-type=\"column\">\n\t\t\t<div class=\"elementor-widget-wrap elementor-element-populated\">\n\t\t\t\t\t\t<div class=\"elementor-element elementor-element-7bba148 elementor-widget elementor-widget-button\" data-id=\"7bba148\" data-element_type=\"widget\" data-e-type=\"widget\" data-widget_type=\"button.default\">\n\t\t\t\t<div class=\"elementor-widget-container\">\n\t\t\t\t\t\t\t\t\t<div class=\"elementor-button-wrapper\">\n\t\t\t\t\t<a class=\"elementor-button elementor-button-link elementor-size-sm\" href=\"https:\/\/kopernikusschule.de\/downloads\/BuS_Anschreiben_April2020.pdf\" target=\"_blank\">\n\t\t\t\t\t\t<span class=\"elementor-button-content-wrapper\">\n\t\t\t\t\t\t\t\t\t<span class=\"elementor-button-text\">Anschreiben<\/span>\n\t\t\t\t\t<\/span>\n\t\t\t\t\t<\/a>\n\t\t\t\t<\/div>\n\t\t\t\t\t\t\t\t<\/div>\n\t\t\t\t<\/div>\n\t\t\t\t\t<\/div>\n\t\t<\/div>\n\t\t\t\t\t<\/div>\n\t\t<\/section>\n\t\t\t\t<section class=\"elementor-section elementor-top-section elementor-element elementor-element-fc33b4f elementor-section-boxed elementor-section-height-default elementor-section-height-default wpr-particle-no wpr-jarallax-no wpr-parallax-no wpr-sticky-section-no wpr-equal-height-no\" data-id=\"fc33b4f\" data-element_type=\"section\" data-e-type=\"section\" data-settings=\"{&quot;_ha_eqh_enable&quot;:false}\">\n\t\t\t\t\t\t<div class=\"elementor-container elementor-column-gap-default\">\n\t\t\t\t\t<div class=\"elementor-column elementor-col-100 elementor-top-column elementor-element elementor-element-9179d39\" data-id=\"9179d39\" data-element_type=\"column\" data-e-type=\"column\">\n\t\t\t<div class=\"elementor-widget-wrap elementor-element-populated\">\n\t\t\t\t\t\t<div class=\"elementor-element elementor-element-aa11e4a elementor-widget elementor-widget-button\" data-id=\"aa11e4a\" data-element_type=\"widget\" data-e-type=\"widget\" data-widget_type=\"button.default\">\n\t\t\t\t<div class=\"elementor-widget-container\">\n\t\t\t\t\t\t\t\t\t<div class=\"elementor-button-wrapper\">\n\t\t\t\t\t<a class=\"elementor-button elementor-button-link elementor-size-sm\" href=\"https:\/\/kopernikusschule.de\/downloads\/BuS_Anmeldebogen_April2020.pdf\" target=\"_blank\">\n\t\t\t\t\t\t<span class=\"elementor-button-content-wrapper\">\n\t\t\t\t\t\t\t\t\t<span class=\"elementor-button-text\">Anmeldeantrag<\/span>\n\t\t\t\t\t<\/span>\n\t\t\t\t\t<\/a>\n\t\t\t\t<\/div>\n\t\t\t\t\t\t\t\t<\/div>\n\t\t\t\t<\/div>\n\t\t\t\t\t<\/div>\n\t\t<\/div>\n\t\t\t\t\t<\/div>\n\t\t<\/section>\n\t\t\t\t<section class=\"elementor-section elementor-top-section elementor-element elementor-element-f7f86b6 elementor-section-boxed elementor-section-height-default elementor-section-height-default wpr-particle-no wpr-jarallax-no wpr-parallax-no wpr-sticky-section-no wpr-equal-height-no\" data-id=\"f7f86b6\" data-element_type=\"section\" data-e-type=\"section\" data-settings=\"{&quot;_ha_eqh_enable&quot;:false}\">\n\t\t\t\t\t\t<div class=\"elementor-container elementor-column-gap-default\">\n\t\t\t\t\t<div class=\"elementor-column elementor-col-100 elementor-top-column elementor-element elementor-element-78e4fa6\" data-id=\"78e4fa6\" data-element_type=\"column\" data-e-type=\"column\">\n\t\t\t<div class=\"elementor-widget-wrap elementor-element-populated\">\n\t\t\t\t\t\t<div class=\"elementor-element elementor-element-85c5019 elementor-widget elementor-widget-button\" data-id=\"85c5019\" data-element_type=\"widget\" data-e-type=\"widget\" data-widget_type=\"button.default\">\n\t\t\t\t<div class=\"elementor-widget-container\">\n\t\t\t\t\t\t\t\t\t<div class=\"elementor-button-wrapper\">\n\t\t\t\t\t<a class=\"elementor-button elementor-button-link elementor-size-sm\" href=\"https:\/\/www.kopernikusschule.de\/downloads\/neu_busbestaetigung.pdf\" target=\"_blank\">\n\t\t\t\t\t\t<span class=\"elementor-button-content-wrapper\">\n\t\t\t\t\t\t\t\t\t<span class=\"elementor-button-text\">Praktikumsbest\u00e4tigung<\/span>\n\t\t\t\t\t<\/span>\n\t\t\t\t\t<\/a>\n\t\t\t\t<\/div>\n\t\t\t\t\t\t\t\t<\/div>\n\t\t\t\t<\/div>\n\t\t\t\t\t<\/div>\n\t\t<\/div>\n\t\t\t\t\t<\/div>\n\t\t<\/section>\n\t\t\t\t<\/div>\n\t\t","protected":false},"excerpt":{"rendered":"<p>Langzeitpraktikum in Zusammenarbeit mit Betrieb und Schule im Landesprogramm&#8222;Kein Abschluss ohne Anschluss (KAoA)&#8220; Allgemeine Informationen Seit vielen Jahren nimmt unsere Schule erfolgreich an dem Projekt &#8222;Betrieb und Schule&#8220; im Landesprogramm&#8230;<\/p>\n","protected":false},"author":1,"featured_media":0,"parent":0,"menu_order":0,"comment_status":"closed","ping_status":"closed","template":"","meta":{"footnotes":""},"class_list":["post-191","page","type-page","status-publish","hentry","entry"],"featured_image_src":null,"_links":{"self":[{"href":"https:\/\/www.kopernikusschule.de\/cms\/wp-json\/wp\/v2\/pages\/191","targetHints":{"allow":["GET"]}}],"collection":[{"href":"https:\/\/www.kopernikusschule.de\/cms\/wp-json\/wp\/v2\/pages"}],"about":[{"href":"https:\/\/www.kopernikusschule.de\/cms\/wp-json\/wp\/v2\/types\/page"}],"author":[{"embeddable":true,"href":"https:\/\/www.kopernikusschule.de\/cms\/wp-json\/wp\/v2\/users\/1"}],"replies":[{"embeddable":true,"href":"https:\/\/www.kopernikusschule.de\/cms\/wp-json\/wp\/v2\/comments?post=191"}],"version-history":[{"count":4,"href":"https:\/\/www.kopernikusschule.de\/cms\/wp-json\/wp\/v2\/pages\/191\/revisions"}],"predecessor-version":[{"id":341,"href":"https:\/\/www.kopernikusschule.de\/cms\/wp-json\/wp\/v2\/pages\/191\/revisions\/341"}],"wp:attachment":[{"href":"https:\/\/www.kopernikusschule.de\/cms\/wp-json\/wp\/v2\/media?parent=191"}],"curies":[{"name":"wp","href":"https:\/\/api.w.org\/{rel}","templated":true}]}}