{"id":189,"date":"2023-01-07T13:35:38","date_gmt":"2023-01-07T12:35:38","guid":{"rendered":"https:\/\/www.kopernikusschule.de\/cms\/?page_id=189"},"modified":"2023-09-09T11:25:05","modified_gmt":"2023-09-09T09:25:05","slug":"klasse10typamitlzp","status":"publish","type":"page","link":"https:\/\/www.kopernikusschule.de\/cms\/klasse10typamitlzp\/","title":{"rendered":"Klasse 10 TYP A mit LZP (Langzeitpraktikum)"},"content":{"rendered":"\t\t<div data-elementor-type=\"wp-page\" data-elementor-id=\"189\" class=\"elementor elementor-189\" data-elementor-settings=\"{&quot;ha_cmc_init_switcher&quot;:&quot;no&quot;}\">\n\t\t\t\t\t\t<section class=\"elementor-section elementor-top-section elementor-element elementor-element-25441e3 elementor-section-boxed elementor-section-height-default elementor-section-height-default wpr-particle-no wpr-jarallax-no wpr-parallax-no wpr-sticky-section-no wpr-equal-height-no\" data-id=\"25441e3\" data-element_type=\"section\" data-e-type=\"section\" data-settings=\"{&quot;_ha_eqh_enable&quot;:false}\">\n\t\t\t\t\t\t<div class=\"elementor-container elementor-column-gap-default\">\n\t\t\t\t\t<div class=\"elementor-column elementor-col-100 elementor-top-column elementor-element elementor-element-3ec5896\" data-id=\"3ec5896\" data-element_type=\"column\" data-e-type=\"column\">\n\t\t\t<div class=\"elementor-widget-wrap elementor-element-populated\">\n\t\t\t\t\t\t<div class=\"elementor-element elementor-element-1336f26 elementor-widget elementor-widget-text-editor\" data-id=\"1336f26\" data-element_type=\"widget\" data-e-type=\"widget\" data-widget_type=\"text-editor.default\">\n\t\t\t\t<div class=\"elementor-widget-container\">\n\t\t\t\t\t\t\t\t\t<p><span style=\"text-decoration: underline;\"><strong>Was ist das Langzeitpraktikum?<\/strong><\/span><\/p><p>Das \u201eLangzeitpraktikum\u201c \u00a0ist ein Standardelement im Rahmen des Landesvorhabens \u201eKein Abschluss ohne Anschluss \u00dcbergang Schule \u2013 Beruf in NRW\u201c.<\/p><p>Erg\u00e4nzend zum Betriebspraktikum absolvieren Sch\u00fclerinnen und Sch\u00fcler, die fachliche und individuelle Unterst\u00fctzung im \u00dcbergang Schule \u2013 Beruf ben\u00f6tigen, ein Langzeitpraktikum (LZP) . Die Sch\u00fclerinnen und Sch\u00fcler verbringen ein Jahr lang einen Wochentag in einem Betrieb anstatt in der Schule. Die Erfahrungen im LZP werden mindestens einmal w\u00f6chentlich in einer Unterrichtstunde reflektiert. Zudem finden regelm\u00e4\u00dfige Besuche der begleitenden Lehrkraft im Praktikumsbetrieb und Feedbackgespr\u00e4che mit den Sch\u00fclerinnen\u00a0 und Sch\u00fclern statt.<\/p><p><span style=\"text-decoration: underline;\"><strong>Projektziel<\/strong><\/span><\/p><p>Das eint\u00e4gige Langzeitpraktikum hat folgende Ziele:<\/p><ul><li>Hauptschulabschluss nach Klasse 10<\/li><li>Beginn einer Ausbildung<\/li><li>Wechsel ans Berufskolleg (Ausbildungsvorbereitung oder Berufsfachschule)<\/li><li>Wechsel in eine zielgerichtete Anschlussma\u00dfnahme<\/li><\/ul><p><span style=\"text-decoration: underline;\"><strong>Zielgruppe<\/strong><\/span><br \/>Sch\u00fclerinnen und Sch\u00fcler der Klasse 10, Typ A<\/p><p><span style=\"text-decoration: underline;\"><strong>Aufnahmebedingung<\/strong><\/span><\/p><ul><li>Genehmigung der Eltern<\/li><li>Nachweis einer Praktikumsstelle in einem Betrieb, der ausbildet<\/li><\/ul><p><span style=\"text-decoration: underline;\"><strong>Erwartungen an Sch\u00fclerinnen und Sch\u00fcler sowie Eltern<\/strong><\/span><\/p><ul><li>Suche bzw. Unterst\u00fctzung bei der Suche einer Praktikumsstelle<\/li><li>engagierte Teilnahme, die den Betrieb ermutigt, in den Folgejahren weiterhin am Projekt teilzunehmen<\/li><\/ul><p><span style=\"text-decoration: underline;\"><strong>Aufgabe der Schule<\/strong><\/span><br \/>Die Schule bereitet die Sch\u00fclerinnen und Sch\u00fcler an einem Tag der Woche gezielt auf das Praktikum vor. An diesem Tag steht der Lernbereich Arbeitslehre\/Wirtschaft\/Technik auf dem Stundenplan. Mit Beginn des Sch\u00fclerbetriebspraktikums werden die Sch\u00fclerinnen und Sch\u00fcler durch die Lehrkr\u00e4fte in den Partnerbetrieben intensiv betreut.<\/p><p><span style=\"text-decoration: underline;\"><strong>Vereinbarungen<\/strong><\/span><br \/>Zwischen Sch\u00fclern, Eltern, Betrieb und Schule werden vertrags\u00e4hnliche, schriftliche Vereinbarungen getroffen.<\/p><p><span style=\"text-decoration: underline;\"><strong>Erwartungen an den Betrieb<\/strong><\/span><br \/>Unter Ber\u00fccksichtigung des Jugendschutzgesetzes bekommen die Sch\u00fcler angemessene Aufgaben, die es ihnen erm\u00f6glichen, ihre besonderen Eignungen f\u00fcr das Arbeitsfeld nachzuweisen. Die Sch\u00fclerinnen und Sch\u00fcler erhalten vom Betrieb eine aussagekr\u00e4ftige Beurteilung, die die Suche nach einem Ausbildungsplatz unterst\u00fctzen kann.<\/p><p><span style=\"text-decoration: underline;\"><strong>Erfahrungen<\/strong><\/span><br \/>Aufgrund der guten Erfahrungen wird das Projekt auch in den kommenden Schuljahren weitergef\u00fchrt.<\/p><p><span style=\"text-decoration: underline;\"><strong>mehr Informationen?<\/strong><\/span><br \/>F\u00fcr Fragen stehen Ihnen Frau Bolduan und Herr Pelkmann an unserer Schule zur Verf\u00fcgung.<\/p><p><span style=\"text-decoration: underline;\"><strong>Ausbildungsangebote f\u00fcr Lippstadt<\/strong><\/span><br \/><a href=\"https:\/\/www.azubiyo.de\/ausbildung\/lippstadt\/\" target=\"_blank\" rel=\"noopener\">https:\/\/www.azubiyo.de\/ausbildung\/lippstadt\/<\/a><\/p>\t\t\t\t\t\t\t\t<\/div>\n\t\t\t\t<\/div>\n\t\t\t\t\t<\/div>\n\t\t<\/div>\n\t\t\t\t\t<\/div>\n\t\t<\/section>\n\t\t\t\t<section class=\"elementor-section elementor-top-section elementor-element elementor-element-2774ee0 elementor-section-boxed elementor-section-height-default elementor-section-height-default wpr-particle-no wpr-jarallax-no wpr-parallax-no wpr-sticky-section-no wpr-equal-height-no\" data-id=\"2774ee0\" data-element_type=\"section\" data-e-type=\"section\" data-settings=\"{&quot;_ha_eqh_enable&quot;:false}\">\n\t\t\t\t\t\t<div class=\"elementor-container elementor-column-gap-default\">\n\t\t\t\t\t<div class=\"elementor-column elementor-col-100 elementor-top-column elementor-element elementor-element-b5b0a5e\" data-id=\"b5b0a5e\" data-element_type=\"column\" data-e-type=\"column\">\n\t\t\t<div class=\"elementor-widget-wrap elementor-element-populated\">\n\t\t\t\t\t\t<div class=\"elementor-element elementor-element-c87be15 elementor-widget-divider--view-line elementor-widget elementor-widget-divider\" data-id=\"c87be15\" data-element_type=\"widget\" data-e-type=\"widget\" data-widget_type=\"divider.default\">\n\t\t\t\t<div class=\"elementor-widget-container\">\n\t\t\t\t\t\t\t<div class=\"elementor-divider\">\n\t\t\t<span class=\"elementor-divider-separator\">\n\t\t\t\t\t\t<\/span>\n\t\t<\/div>\n\t\t\t\t\t\t<\/div>\n\t\t\t\t<\/div>\n\t\t\t\t\t<\/div>\n\t\t<\/div>\n\t\t\t\t\t<\/div>\n\t\t<\/section>\n\t\t\t\t<section class=\"elementor-section elementor-top-section elementor-element elementor-element-46a4a03 elementor-section-boxed elementor-section-height-default elementor-section-height-default wpr-particle-no wpr-jarallax-no wpr-parallax-no wpr-sticky-section-no wpr-equal-height-no\" data-id=\"46a4a03\" data-element_type=\"section\" data-e-type=\"section\" data-settings=\"{&quot;_ha_eqh_enable&quot;:false}\">\n\t\t\t\t\t\t<div class=\"elementor-container elementor-column-gap-default\">\n\t\t\t\t\t<div class=\"elementor-column elementor-col-100 elementor-top-column elementor-element elementor-element-446d8b6\" data-id=\"446d8b6\" data-element_type=\"column\" data-e-type=\"column\">\n\t\t\t<div class=\"elementor-widget-wrap elementor-element-populated\">\n\t\t\t\t\t\t<div class=\"elementor-element elementor-element-e007708 elementor-widget elementor-widget-heading\" data-id=\"e007708\" data-element_type=\"widget\" data-e-type=\"widget\" data-widget_type=\"heading.default\">\n\t\t\t\t<div class=\"elementor-widget-container\">\n\t\t\t\t\t<h2 class=\"elementor-heading-title elementor-size-default\">Downloads<\/h2>\t\t\t\t<\/div>\n\t\t\t\t<\/div>\n\t\t\t\t\t<\/div>\n\t\t<\/div>\n\t\t\t\t\t<\/div>\n\t\t<\/section>\n\t\t\t\t<section class=\"elementor-section elementor-top-section elementor-element elementor-element-5549c46 elementor-section-boxed elementor-section-height-default elementor-section-height-default wpr-particle-no wpr-jarallax-no wpr-parallax-no wpr-sticky-section-no wpr-equal-height-no\" data-id=\"5549c46\" data-element_type=\"section\" data-e-type=\"section\" data-settings=\"{&quot;_ha_eqh_enable&quot;:false}\">\n\t\t\t\t\t\t<div class=\"elementor-container elementor-column-gap-default\">\n\t\t\t\t\t<div class=\"elementor-column elementor-col-100 elementor-top-column elementor-element elementor-element-aff5b99\" data-id=\"aff5b99\" data-element_type=\"column\" data-e-type=\"column\">\n\t\t\t<div class=\"elementor-widget-wrap elementor-element-populated\">\n\t\t\t\t\t\t<div class=\"elementor-element elementor-element-09a889d elementor-widget elementor-widget-text-editor\" data-id=\"09a889d\" data-element_type=\"widget\" data-e-type=\"widget\" data-widget_type=\"text-editor.default\">\n\t\t\t\t<div class=\"elementor-widget-container\">\n\t\t\t\t\t\t\t\t\t<p>Hier finden Sie alle aktuellen Informationen und Formulare als PDF zum Download:<\/p><p>\u00a0<\/p>\t\t\t\t\t\t\t\t<\/div>\n\t\t\t\t<\/div>\n\t\t\t\t<div class=\"elementor-element elementor-element-539c8d1 elementor-widget elementor-widget-text-editor\" data-id=\"539c8d1\" data-element_type=\"widget\" data-e-type=\"widget\" data-widget_type=\"text-editor.default\">\n\t\t\t\t<div class=\"elementor-widget-container\">\n\t\t\t\t\t\t\t\t\t<p><em>Update 09.09.2023<\/em><\/p>\t\t\t\t\t\t\t\t<\/div>\n\t\t\t\t<\/div>\n\t\t\t\t<div class=\"elementor-element elementor-element-2fd2d4f elementor-widget elementor-widget-button\" data-id=\"2fd2d4f\" data-element_type=\"widget\" data-e-type=\"widget\" data-widget_type=\"button.default\">\n\t\t\t\t<div class=\"elementor-widget-container\">\n\t\t\t\t\t\t\t\t\t<div class=\"elementor-button-wrapper\">\n\t\t\t\t\t<a class=\"elementor-button elementor-button-link elementor-size-sm\" href=\"https:\/\/www.kopernikusschule.de\/cms\/wp-content\/uploads\/2023\/09\/Anschreiben_Langzeitpraktikum.pdf\" target=\"_blank\">\n\t\t\t\t\t\t<span class=\"elementor-button-content-wrapper\">\n\t\t\t\t\t\t\t\t\t<span class=\"elementor-button-text\">Anschreiben f\u00fcr die Betriebe<\/span>\n\t\t\t\t\t<\/span>\n\t\t\t\t\t<\/a>\n\t\t\t\t<\/div>\n\t\t\t\t\t\t\t\t<\/div>\n\t\t\t\t<\/div>\n\t\t\t\t<div class=\"elementor-element elementor-element-2619209 elementor-widget elementor-widget-button\" data-id=\"2619209\" data-element_type=\"widget\" data-e-type=\"widget\" data-widget_type=\"button.default\">\n\t\t\t\t<div class=\"elementor-widget-container\">\n\t\t\t\t\t\t\t\t\t<div class=\"elementor-button-wrapper\">\n\t\t\t\t\t<a class=\"elementor-button elementor-button-link elementor-size-sm\" href=\"https:\/\/www.kopernikusschule.de\/cms\/wp-content\/uploads\/2023\/09\/Informationen_Klasse_10-LZP.pdf\" target=\"_blank\">\n\t\t\t\t\t\t<span class=\"elementor-button-content-wrapper\">\n\t\t\t\t\t\t\t\t\t<span class=\"elementor-button-text\">Informationen zum Langzeitpraktikum<\/span>\n\t\t\t\t\t<\/span>\n\t\t\t\t\t<\/a>\n\t\t\t\t<\/div>\n\t\t\t\t\t\t\t\t<\/div>\n\t\t\t\t<\/div>\n\t\t\t\t<div class=\"elementor-element elementor-element-153bcda elementor-widget elementor-widget-button\" data-id=\"153bcda\" data-element_type=\"widget\" data-e-type=\"widget\" data-widget_type=\"button.default\">\n\t\t\t\t<div class=\"elementor-widget-container\">\n\t\t\t\t\t\t\t\t\t<div class=\"elementor-button-wrapper\">\n\t\t\t\t\t<a class=\"elementor-button elementor-button-link elementor-size-sm\" href=\"https:\/\/www.kopernikusschule.de\/cms\/wp-content\/uploads\/2023\/09\/LZP_Informationen_zum_Praktikumsbetrieb.pdf\" target=\"_blank\">\n\t\t\t\t\t\t<span class=\"elementor-button-content-wrapper\">\n\t\t\t\t\t\t\t\t\t<span class=\"elementor-button-text\">Informationen zum Praktikumsbetrieb<\/span>\n\t\t\t\t\t<\/span>\n\t\t\t\t\t<\/a>\n\t\t\t\t<\/div>\n\t\t\t\t\t\t\t\t<\/div>\n\t\t\t\t<\/div>\n\t\t\t\t<div class=\"elementor-element elementor-element-f307077 elementor-widget elementor-widget-button\" data-id=\"f307077\" data-element_type=\"widget\" data-e-type=\"widget\" data-widget_type=\"button.default\">\n\t\t\t\t<div class=\"elementor-widget-container\">\n\t\t\t\t\t\t\t\t\t<div class=\"elementor-button-wrapper\">\n\t\t\t\t\t<a class=\"elementor-button elementor-button-link elementor-size-sm\" href=\"https:\/\/www.kopernikusschule.de\/cms\/wp-content\/uploads\/2023\/09\/Praktikumsvereinbarung_Langzeitpraktikum.pdf\" target=\"_blank\">\n\t\t\t\t\t\t<span class=\"elementor-button-content-wrapper\">\n\t\t\t\t\t\t\t\t\t<span class=\"elementor-button-text\">Praktikumsvereinbarung<\/span>\n\t\t\t\t\t<\/span>\n\t\t\t\t\t<\/a>\n\t\t\t\t<\/div>\n\t\t\t\t\t\t\t\t<\/div>\n\t\t\t\t<\/div>\n\t\t\t\t\t<\/div>\n\t\t<\/div>\n\t\t\t\t\t<\/div>\n\t\t<\/section>\n\t\t\t\t<\/div>\n\t\t","protected":false},"excerpt":{"rendered":"<p>Was ist das Langzeitpraktikum? Das \u201eLangzeitpraktikum\u201c \u00a0ist ein Standardelement im Rahmen des Landesvorhabens \u201eKein Abschluss ohne Anschluss \u00dcbergang Schule \u2013 Beruf in NRW\u201c. Erg\u00e4nzend zum Betriebspraktikum absolvieren Sch\u00fclerinnen und Sch\u00fcler,&#8230;<\/p>\n","protected":false},"author":1,"featured_media":0,"parent":0,"menu_order":0,"comment_status":"closed","ping_status":"closed","template":"","meta":{"footnotes":""},"class_list":["post-189","page","type-page","status-publish","hentry","entry"],"featured_image_src":null,"_links":{"self":[{"href":"https:\/\/www.kopernikusschule.de\/cms\/wp-json\/wp\/v2\/pages\/189","targetHints":{"allow":["GET"]}}],"collection":[{"href":"https:\/\/www.kopernikusschule.de\/cms\/wp-json\/wp\/v2\/pages"}],"about":[{"href":"https:\/\/www.kopernikusschule.de\/cms\/wp-json\/wp\/v2\/types\/page"}],"author":[{"embeddable":true,"href":"https:\/\/www.kopernikusschule.de\/cms\/wp-json\/wp\/v2\/users\/1"}],"replies":[{"embeddable":true,"href":"https:\/\/www.kopernikusschule.de\/cms\/wp-json\/wp\/v2\/comments?post=189"}],"version-history":[{"count":19,"href":"https:\/\/www.kopernikusschule.de\/cms\/wp-json\/wp\/v2\/pages\/189\/revisions"}],"predecessor-version":[{"id":669,"href":"https:\/\/www.kopernikusschule.de\/cms\/wp-json\/wp\/v2\/pages\/189\/revisions\/669"}],"wp:attachment":[{"href":"https:\/\/www.kopernikusschule.de\/cms\/wp-json\/wp\/v2\/media?parent=189"}],"curies":[{"name":"wp","href":"https:\/\/api.w.org\/{rel}","templated":true}]}}