{"id":170,"date":"2023-01-07T13:30:19","date_gmt":"2023-01-07T12:30:19","guid":{"rendered":"https:\/\/www.kopernikusschule.de\/cms\/?page_id=170"},"modified":"2023-05-11T12:14:25","modified_gmt":"2023-05-11T10:14:25","slug":"trainingszentrum","status":"publish","type":"page","link":"https:\/\/www.kopernikusschule.de\/cms\/trainingszentrum\/","title":{"rendered":"Trainingszentrum"},"content":{"rendered":"\t\t<div data-elementor-type=\"wp-page\" data-elementor-id=\"170\" class=\"elementor elementor-170\" data-elementor-settings=\"{&quot;ha_cmc_init_switcher&quot;:&quot;no&quot;}\">\n\t\t\t\t\t\t<section class=\"elementor-section elementor-top-section elementor-element elementor-element-25d86a0 elementor-section-boxed elementor-section-height-default elementor-section-height-default wpr-particle-no wpr-jarallax-no wpr-parallax-no wpr-sticky-section-no wpr-equal-height-no\" data-id=\"25d86a0\" data-element_type=\"section\" data-e-type=\"section\" data-settings=\"{&quot;_ha_eqh_enable&quot;:false}\">\n\t\t\t\t\t\t<div class=\"elementor-container elementor-column-gap-default\">\n\t\t\t\t\t<div class=\"elementor-column elementor-col-100 elementor-top-column elementor-element elementor-element-f663883\" data-id=\"f663883\" data-element_type=\"column\" data-e-type=\"column\">\n\t\t\t<div class=\"elementor-widget-wrap elementor-element-populated\">\n\t\t\t\t\t\t<div class=\"elementor-element elementor-element-44891af elementor-widget elementor-widget-text-editor\" data-id=\"44891af\" data-element_type=\"widget\" data-e-type=\"widget\" data-widget_type=\"text-editor.default\">\n\t\t\t\t<div class=\"elementor-widget-container\">\n\t\t\t\t\t\t\t\t\t<p><span style=\"text-decoration: underline;\"><strong>Lerninsel\/Ruheraum<\/strong><\/span><br \/><br \/>Hier finden u.a. Angebote wie das Konzentrationstraining, Lernen lernen, Mathe- und Deutschf\u00f6rderung statt.<br \/>Die Lerninsel bietet Platz f\u00fcr individuelle F\u00f6rderangebote. In der Mittagspause wird der Ruheraum zur Entspannung und Ruhe genutzt.<br \/>Unsere Sch\u00fclerInnen haben hier die M\u00f6glichkeit ein Buch zu lesen, ruhige Spiele zu spielen und einfach mal die Seele baumeln zu lassen\u2026.<br \/><br \/><span style=\"text-decoration: underline;\"><strong>Auszeitraum<\/strong><\/span><br \/>In Konfliktsituationen finden unsere Sch\u00fclerInnen im Auszeitraum eine Anlaufstelle.<br \/>Ein Team aus Schulsozialarbeiterinnen, Sozialp\u00e4dagoginnen, Sonderp\u00e4dagogInnen und Lehrkr\u00e4ften unterst\u00fctzen beim \u201erunterfahren\u201c, reflektieren des Verhaltens und helfen dabei neue Strategien zu entwickeln.<br \/><br \/><span style=\"text-decoration: underline;\"><strong>Spielecaf\u00e9\u00a0<\/strong><\/span><br \/>Unsere Sch\u00fclerInnen der Jahrg\u00e4nge 5 bis 7 k\u00f6nnen im Spielecafe ihre Mittagspause verbringen. Gemeinsames Kickern, Spiele spielen, Musik h\u00f6ren\u2026. steht hier auf dem Programm. Begleitet werden die Sch\u00fclerInnen von ausgebildeten Sch\u00fclerhelferInnen der Jahrgangsstufe 9.<br \/><br \/><span style=\"text-decoration: underline;\"><strong>Crashkurs<\/strong><\/span><br \/>In der so genannten Crashkurs-Klasse werden Sch\u00fclerInnen f\u00fcr einen begrenzten Zeitraum aufgenommen, deren Sprachkenntnisse aufgrund eines Migrationshintergrundes noch nicht ausreichen, um am Regelunterricht teilzunehmen.<br \/><br \/><span style=\"text-decoration: underline;\"><strong>Beratungsb\u00fcro<\/strong><\/span><br \/>siehe Schulsozialarbeit<\/p>\t\t\t\t\t\t\t\t<\/div>\n\t\t\t\t<\/div>\n\t\t\t\t\t<\/div>\n\t\t<\/div>\n\t\t\t\t\t<\/div>\n\t\t<\/section>\n\t\t\t\t<section class=\"elementor-section elementor-top-section elementor-element elementor-element-22fc566 elementor-section-boxed elementor-section-height-default elementor-section-height-default wpr-particle-no wpr-jarallax-no wpr-parallax-no wpr-sticky-section-no wpr-equal-height-no\" data-id=\"22fc566\" data-element_type=\"section\" data-e-type=\"section\" data-settings=\"{&quot;_ha_eqh_enable&quot;:false}\">\n\t\t\t\t\t\t<div class=\"elementor-container elementor-column-gap-default\">\n\t\t\t\t\t<div class=\"elementor-column elementor-col-100 elementor-top-column elementor-element elementor-element-a3715af\" data-id=\"a3715af\" data-element_type=\"column\" data-e-type=\"column\">\n\t\t\t<div class=\"elementor-widget-wrap elementor-element-populated\">\n\t\t\t\t\t\t<div class=\"elementor-element elementor-element-7150dc3 elementor-widget elementor-widget-image\" data-id=\"7150dc3\" data-element_type=\"widget\" data-e-type=\"widget\" data-widget_type=\"image.default\">\n\t\t\t\t<div class=\"elementor-widget-container\">\n\t\t\t\t\t\t\t\t\t\t\t\t\t\t\t<img decoding=\"async\" src=\"https:\/\/www.kopernikusschule.de\/images\/trainingszentrum_fotocollage-large.jpg\" title=\"\" alt=\"\" loading=\"lazy\" \/>\t\t\t\t\t\t\t\t\t\t\t\t\t\t\t<\/div>\n\t\t\t\t<\/div>\n\t\t\t\t\t<\/div>\n\t\t<\/div>\n\t\t\t\t\t<\/div>\n\t\t<\/section>\n\t\t\t\t<section class=\"elementor-section elementor-top-section elementor-element elementor-element-0ef19bc elementor-section-boxed elementor-section-height-default elementor-section-height-default wpr-particle-no wpr-jarallax-no wpr-parallax-no wpr-sticky-section-no wpr-equal-height-no\" data-id=\"0ef19bc\" data-element_type=\"section\" data-e-type=\"section\" data-settings=\"{&quot;_ha_eqh_enable&quot;:false}\">\n\t\t\t\t\t\t<div class=\"elementor-container elementor-column-gap-default\">\n\t\t\t\t\t<div class=\"elementor-column elementor-col-100 elementor-top-column elementor-element elementor-element-9584cf9\" data-id=\"9584cf9\" data-element_type=\"column\" data-e-type=\"column\">\n\t\t\t<div class=\"elementor-widget-wrap elementor-element-populated\">\n\t\t\t\t\t\t<div class=\"elementor-element elementor-element-ec05db6 elementor-widget elementor-widget-image\" data-id=\"ec05db6\" data-element_type=\"widget\" data-e-type=\"widget\" data-widget_type=\"image.default\">\n\t\t\t\t<div class=\"elementor-widget-container\">\n\t\t\t\t\t\t\t\t\t\t\t\t\t\t\t<img decoding=\"async\" src=\"https:\/\/www.kopernikusschule.de\/images\/trainingszentrum_struktur-large.jpg\" title=\"\" alt=\"\" loading=\"lazy\" \/>\t\t\t\t\t\t\t\t\t\t\t\t\t\t\t<\/div>\n\t\t\t\t<\/div>\n\t\t\t\t\t<\/div>\n\t\t<\/div>\n\t\t\t\t\t<\/div>\n\t\t<\/section>\n\t\t\t\t<\/div>\n\t\t","protected":false},"excerpt":{"rendered":"<p>Lerninsel\/Ruheraum Hier finden u.a. Angebote wie das Konzentrationstraining, Lernen lernen, Mathe- und Deutschf\u00f6rderung statt.Die Lerninsel bietet Platz f\u00fcr individuelle F\u00f6rderangebote. In der Mittagspause wird der Ruheraum zur Entspannung und Ruhe&#8230;<\/p>\n","protected":false},"author":1,"featured_media":0,"parent":0,"menu_order":0,"comment_status":"closed","ping_status":"closed","template":"","meta":{"footnotes":""},"class_list":["post-170","page","type-page","status-publish","hentry","entry"],"featured_image_src":null,"_links":{"self":[{"href":"https:\/\/www.kopernikusschule.de\/cms\/wp-json\/wp\/v2\/pages\/170","targetHints":{"allow":["GET"]}}],"collection":[{"href":"https:\/\/www.kopernikusschule.de\/cms\/wp-json\/wp\/v2\/pages"}],"about":[{"href":"https:\/\/www.kopernikusschule.de\/cms\/wp-json\/wp\/v2\/types\/page"}],"author":[{"embeddable":true,"href":"https:\/\/www.kopernikusschule.de\/cms\/wp-json\/wp\/v2\/users\/1"}],"replies":[{"embeddable":true,"href":"https:\/\/www.kopernikusschule.de\/cms\/wp-json\/wp\/v2\/comments?post=170"}],"version-history":[{"count":4,"href":"https:\/\/www.kopernikusschule.de\/cms\/wp-json\/wp\/v2\/pages\/170\/revisions"}],"predecessor-version":[{"id":421,"href":"https:\/\/www.kopernikusschule.de\/cms\/wp-json\/wp\/v2\/pages\/170\/revisions\/421"}],"wp:attachment":[{"href":"https:\/\/www.kopernikusschule.de\/cms\/wp-json\/wp\/v2\/media?parent=170"}],"curies":[{"name":"wp","href":"https:\/\/api.w.org\/{rel}","templated":true}]}}